{"id":113216,"date":"2025-10-13T14:51:27","date_gmt":"2025-10-13T12:51:27","guid":{"rendered":"http:\/\/wordpress.p697052.webspaceconfig.de\/qualitaet\/"},"modified":"2026-02-11T19:07:02","modified_gmt":"2026-02-11T18:07:02","slug":"quality","status":"publish","type":"page","link":"https:\/\/www.molpath-bw.de\/en\/quality\/","title":{"rendered":"Quality"},"content":{"rendered":"<p>[et_pb_section fb_built=&#8221;1&#8243; admin_label=&#8221;Slider&#8221; _builder_version=&#8221;4.27.4&#8243; _module_preset=&#8221;default&#8221; width=&#8221;100vw&#8221; max_width=&#8221;100vw&#8221; custom_padding=&#8221;0px||0px||false|false&#8221; locked=&#8221;off&#8221; global_colors_info=&#8221;{}&#8221;][et_pb_row _builder_version=&#8221;4.27.4&#8243; _module_preset=&#8221;default&#8221; width=&#8221;90%&#8221; width_tablet=&#8221;100%&#8221; width_phone=&#8221;100%&#8221; width_last_edited=&#8221;on|phone&#8221; custom_margin=&#8221;0px||0px||false|false&#8221; custom_padding=&#8221;0px||0px||false|false&#8221; global_colors_info=&#8221;{}&#8221;][et_pb_column type=&#8221;4_4&#8243; _builder_version=&#8221;4.27.4&#8243; _module_preset=&#8221;default&#8221; global_colors_info=&#8221;{}&#8221;][et_pb_slider admin_label=&#8221;Slider-Bild&#8221; _builder_version=&#8221;4.27.4&#8243; _module_preset=&#8221;default&#8221; background_enable_image=&#8221;off&#8221; custom_margin=&#8221;||0px||false|false&#8221; auto=&#8221;on&#8221; custom_css_slide_title=&#8221;animation-name:fadeTop;&#8221; custom_css_slide_image=&#8221;animation-name:fadeTop;&#8221; global_colors_info=&#8221;{}&#8221;][et_pb_slide _builder_version=&#8221;4.27.4&#8243; _module_preset=&#8221;default&#8221; background_enable_color=&#8221;off&#8221; background_image=&#8221;https:\/\/www.molpath-bw.de\/wp-content\/uploads\/2025\/10\/qualitaet-1.jpg&#8221; background_enable_image=&#8221;on&#8221; global_colors_info=&#8221;{}&#8221; sticky_transition=&#8221;on&#8221;][\/et_pb_slide][et_pb_slide _builder_version=&#8221;4.27.4&#8243; _module_preset=&#8221;default&#8221; background_enable_color=&#8221;off&#8221; background_image=&#8221;https:\/\/www.molpath-bw.de\/wp-content\/uploads\/2025\/10\/qualitaet-052.jpg&#8221; background_enable_image=&#8221;on&#8221; global_colors_info=&#8221;{}&#8221; sticky_transition=&#8221;on&#8221;][\/et_pb_slide][et_pb_slide _builder_version=&#8221;4.27.4&#8243; _module_preset=&#8221;default&#8221; background_enable_color=&#8221;off&#8221; background_image=&#8221;https:\/\/www.molpath-bw.de\/wp-content\/uploads\/2025\/10\/qualitaet-91.jpg&#8221; background_enable_image=&#8221;on&#8221; global_colors_info=&#8221;{}&#8221; sticky_transition=&#8221;on&#8221;][\/et_pb_slide][et_pb_slide _builder_version=&#8221;4.27.4&#8243; _module_preset=&#8221;default&#8221; background_enable_color=&#8221;off&#8221; background_image=&#8221;https:\/\/www.molpath-bw.de\/wp-content\/uploads\/2025\/10\/qualitaet-139.jpg&#8221; background_enable_image=&#8221;on&#8221; global_colors_info=&#8221;{}&#8221; sticky_transition=&#8221;on&#8221;][\/et_pb_slide][\/et_pb_slider][et_pb_text admin_label=&#8221;Slider-Headline&#8221; _builder_version=&#8221;4.27.5&#8243; _module_preset=&#8221;default&#8221; text_text_color=&#8221;#1D1D1B&#8221; text_font_size=&#8221;28px&#8221; text_line_height=&#8221;1.2em&#8221; header_4_font=&#8221;|600|||||||&#8221; header_4_text_color=&#8221;#1D1D1B&#8221; header_4_font_size=&#8221;30px&#8221; header_4_line_height=&#8221;1.2em&#8221; background_color=&#8221;RGBA(255,255,255,0)&#8221; use_background_color_gradient=&#8221;on&#8221; background_color_gradient_direction=&#8221;91deg&#8221; background_color_gradient_stops=&#8221;#ffffff 0%|rgba(0,196,163,0) 98%&#8221; positioning=&#8221;absolute&#8221; position_origin_a=&#8221;bottom_left&#8221; z_index=&#8221;500&#8243; width=&#8221;100%&#8221; custom_padding=&#8221;2%|5%|1%|5%|false|true&#8221; animation_style=&#8221;slide&#8221; animation_direction=&#8221;bottom&#8221; animation_intensity_slide=&#8221;5%&#8221; global_colors_info=&#8221;{}&#8221;]<\/p>\n<h1><strong>Quality pays off<\/strong><\/h1>\n<h1><\/h1>\n<p>[\/et_pb_text][\/et_pb_column][\/et_pb_row][\/et_pb_section][et_pb_section fb_built=&#8221;1&#8243; admin_label=&#8221;Inhalt&#8221; _builder_version=&#8221;4.27.4&#8243; _module_preset=&#8221;default&#8221; custom_margin=&#8221;0px||0px||false|false&#8221; custom_padding=&#8221;0px||40px||false|false&#8221; animation_style=&#8221;fade&#8221; locked=&#8221;off&#8221; collapsed=&#8221;on&#8221; global_colors_info=&#8221;{}&#8221;][et_pb_row _builder_version=&#8221;4.27.4&#8243; _module_preset=&#8221;default&#8221; width=&#8221;90%&#8221; global_colors_info=&#8221;{}&#8221;][et_pb_column type=&#8221;4_4&#8243; _builder_version=&#8221;4.27.4&#8243; _module_preset=&#8221;default&#8221; global_colors_info=&#8221;{}&#8221;][et_pb_text _builder_version=&#8221;4.27.5&#8243; _module_preset=&#8221;default&#8221; global_colors_info=&#8221;{}&#8221;]<\/p>\n<h3><strong>\u201cMake it your business to meet higher standards than others expect of you.\u201c <\/strong><\/h3>\n<p>Henry Ward Beecher[\/et_pb_text][et_pb_text _builder_version=&#8221;4.27.5&#8243; _module_preset=&#8221;default&#8221; global_colors_info=&#8221;{}&#8221;]<\/p>\n<p>Striving to live up to this motto, our newly founded laboratory, T-BAG Molecular Pathology Baden-W\u00fcrttemberg GbR, pursues the highest quality standards in all areas. We have the latest technology at our disposal. DNA and RNA extraction is carried out either with standardized kits or fully automated (Maxwell\u00ae). DNA\/RNA quality control is performed using Qubit\u2122 and automated capillary electrophoresis (Agilent Tapestation).<\/p>\n<p>We have successfully established the NGS pipeline and are one of the first laboratories in Germany to work with the Genexus\u2122 Integrated Sequencer.<br \/>\nThis promises very short run times.<\/p>\n<p>Preparation for sequencing (creation of libraries) is also automated, either by <a href=\"https:\/\/www.thermofisher.com\/de\/de\/home\/life-science\/sequencing\/next-generation-sequencing\/ion-torrent-next-generation-sequencing-workflow\/prepare-template\/ion-torrent-next-generation-sequencing-ion-chef-system.html\" target=\"_blank\" rel=\"noopener\" class=\"extern\"><strong>Ion Chef\u2122<\/strong><\/a> or in <a href=\"https:\/\/www.thermofisher.com\/de\/de\/home\/life-science\/sequencing\/next-generation-sequencing\/instruments\/genexus-system.html\" target=\"_blank\" rel=\"noopener\" class=\"extern\"><strong>Genexus\u2122<\/strong><\/a> itself.<\/p>\n<p>\nVariant interpretation is performed by the Thermofisher software Ion <a href=\"https:\/\/www.thermofisher.com\/de\/de\/home\/life-science\/sequencing\/next-generation-sequencing\/ion-torrent-next-generation-sequencing-workflow\/ion-torrent-next-generation-sequencing-data-analysis-workflow\/ion-reporter-software.html\" target=\"_blank\" rel=\"noopener\" class=\"extern\"><strong>Reporter\u2122<\/strong><\/a>.<br \/>\nIn our findings, we offer a biological and oncological evaluation of the detected relevant variants.<\/p>\n<p>In addition, our laboratory participates in <strong><a href=\"https:\/\/www.molpath-bw.de\/en\/downloads\/#ringversuche\">interlaboratory tests<\/a><\/strong> on an ongoing basis.<\/p>\n<p>[\/et_pb_text][et_pb_accordion open_toggle_text_color=&#8221;#0092BB&#8221; open_toggle_background_color=&#8221;RGBA(255,255,255,0)&#8221; closed_toggle_text_color=&#8221;#0092BB&#8221; closed_toggle_background_color=&#8221;RGBA(255,255,255,0)&#8221; toggle_icon=&#8221;&#x35;||divi||400&#8243; icon_color=&#8221;#0092BB&#8221; use_icon_font_size=&#8221;on&#8221; icon_font_size=&#8221;28px&#8221; module_class=&#8221;pa-accordion-clickable-area pa-add-accordion-icon open-close-accordion&#8221; _builder_version=&#8221;4.27.5&#8243; _module_preset=&#8221;default&#8221; toggle_line_height=&#8221;1.4em&#8221; body_line_height=&#8221;1.5em&#8221; custom_margin=&#8221;||||false|false&#8221; custom_padding=&#8221;||||false|false&#8221; hover_enabled=&#8221;0&#8243; locked=&#8221;off&#8221; global_colors_info=&#8221;{}&#8221; sticky_enabled=&#8221;0&#8243;][et_pb_accordion_item title=&#8221;Accreditation&#8221; open=&#8221;off&#8221; _builder_version=&#8221;4.27.5&#8243; _module_preset=&#8221;default&#8221; body_line_height=&#8221;1.5em&#8221; custom_margin=&#8221;||10px||false|false&#8221; custom_padding=&#8221;10px||0px|5px|false|false&#8221; border_width_all=&#8221;2px&#8221; border_color_all=&#8221;#0082B0&#8243; global_colors_info=&#8221;{}&#8221; toggle_level=&#8221;h2&#8243; toggle_font_size=&#8221;19px&#8221; toggle_line_height=&#8221;1em&#8221;]<\/p>\n<p>T-BAG Molekularpathologie Baden-W\u00fcrttemberg GbR has been accredited as a Type A inspection body in accordance with DIN EN ISO\/IEC 17020:2012 since April 23, 2025 (German Accreditation Body, DAkkS). Please refer to the certificate appendix for the accredited locations and accredited conformity assessment activities. The processing of samples in the laboratory of T-BAG Molekularpathologie Baden-W\u00fcrttemberg GbR (Schlo\u00dfstra\u00dfe 56, 70176 Stuttgart) is always subject to the established QM system of T-BAG Molekularpathologie Baden-W\u00fcrttemberg GbR, regardless of the accreditation status of the submitting locations.<\/p>\n<p><a href=\"\/wp-content\/uploads\/2025\/10\/akkreditierungsurkunde-der-t-bag-molekularpathologie-bw-gbr.pdf\" target=\"_blank\" rel=\"noopener\" class=\"pdf\">Accreditation certificate<\/a><br \/>\n<a href=\"\/wp-content\/uploads\/2025\/10\/anlage-zur-akkreditierungsurkunde.pdf\" target=\"_blank\" rel=\"noopener\" class=\"pdf\">Appendix to the accreditation certificate<\/strong><\/a><\/p>\n<p>[\/et_pb_accordion_item][et_pb_accordion_item title=&#8221;Declaration of conformity IVDR&#8221; _builder_version=&#8221;4.27.5&#8243; _module_preset=&#8221;default&#8221; body_line_height=&#8221;1.5em&#8221; custom_margin=&#8221;||10px||false|false&#8221; custom_padding=&#8221;10px||0px|5px|false|false&#8221; hover_enabled=&#8221;0&#8243; border_width_all=&#8221;2px&#8221; border_color_all=&#8221;#0082B0&#8243; global_colors_info=&#8221;{}&#8221; toggle_level=&#8221;h2&#8243; toggle_font_size=&#8221;19px&#8221; toggle_line_height=&#8221;1em&#8221; open=&#8221;on&#8221; sticky_enabled=&#8221;0&#8243;]<\/p>\n<p>&#8220;Declaration of conformity and list of diagnostic methods in accordance with EU Regulation (EU) 2017\/746 (IVDR) on in vitro diagnostic medical devices.<br \/>In accordance with the above-mentioned EU regulation, we present the following documents:<\/p>\n<p><a href=\"\/wp-content\/uploads\/2025\/10\/fb-iv-02-001.pdf\" target=\"_blank\" rel=\"noopener\" class=\"pdf\"><strong>FB-IV 02 \u2013 001<\/strong><\/a><br \/><a href=\"\/wp-content\/uploads\/2025\/10\/fb-iv-02-002.pdf\" target=\"_blank\" rel=\"noopener\" class=\"pdf\"><strong>FB-IV 02 \u2013 002<\/strong><\/a><br \/><a href=\"\/wp-content\/uploads\/2025\/10\/fb-iv-02-003.pdf\" target=\"_blank\" rel=\"noopener\" class=\"pdf\"><strong>FB-IV 02 \u2013 003<\/strong><\/a><br \/><a href=\"\/wp-content\/uploads\/2025\/10\/fb-iv-02-004.pdf\" target=\"_blank\" rel=\"noopener\" class=\"pdf\"><strong>FB-IV 02 \u2013 004<\/strong><\/a><br \/><a href=\"\/wp-content\/uploads\/2025\/10\/fb-iv-02-005.pdf\" target=\"_blank\" rel=\"noopener\" class=\"pdf\"><strong>FB-IV 02 \u2013 005<\/strong><\/a><br \/><a href=\"\/wp-content\/uploads\/2025\/10\/fb-iv-02-006.pdf\" target=\"_blank\" rel=\"noopener\" class=\"pdf\"><strong>FB-IV 02 \u2013 006<\/strong><\/a><br \/><a href=\"\/wp-content\/uploads\/2026\/02\/FB-IV-02-007.pdf\" target=\"_blank\" rel=\"noopener\" class=\"pdf\"><strong>FB-IV 02 \u2013 007<\/strong><\/a><br \/><a href=\"\/wp-content\/uploads\/2026\/02\/FB-IV-02-008.pdf\" target=\"_blank\" rel=\"noopener\" class=\"pdf\"><strong>FB-IV 02 \u2013 008<\/strong><\/a><\/p>\n<p>Declarations of conformity in accordance with Art. 5 (5) of the IVDR for the in-house manufacture of in vitro diagnostic medical devices in healthcare facilities.&#8221;<\/p>\n<p>[\/et_pb_accordion_item][et_pb_accordion_item title=&#8221;Interlaboratory tests&#8221; _builder_version=&#8221;4.27.5&#8243; _module_preset=&#8221;default&#8221; body_line_height=&#8221;1.5em&#8221; custom_margin=&#8221;||10px||false|false&#8221; custom_padding=&#8221;10px||0px|5px|false|false&#8221; border_width_all=&#8221;2px&#8221; border_color_all=&#8221;#0082B0&#8243; global_colors_info=&#8221;{}&#8221; toggle_level=&#8221;h2&#8243; toggle_font_size=&#8221;19px&#8221; toggle_line_height=&#8221;1em&#8221; open=&#8221;off&#8221;]<\/p>\n<p>You can access the overview and downloads for the interlaboratory tests  <a href=\"https:\/\/www.molpath-bw.de\/en\/downloads\/\"><strong>here<\/strong><\/a>.<\/p>\n<p>[\/et_pb_accordion_item][et_pb_accordion_item title=&#8221;Quality circles&#8221; _builder_version=&#8221;4.27.5&#8243; _module_preset=&#8221;default&#8221; body_line_height=&#8221;1.5em&#8221; custom_margin=&#8221;||10px||false|false&#8221; custom_padding=&#8221;10px||0px|5px|false|false&#8221; border_width_all=&#8221;2px&#8221; border_color_all=&#8221;#0082B0&#8243; global_colors_info=&#8221;{}&#8221; toggle_level=&#8221;h2&#8243; toggle_font_size=&#8221;19px&#8221; toggle_line_height=&#8221;1em&#8221; open=&#8221;off&#8221;]<\/p>\n<p>T-BAG Molekularpathologie BW GbR regularly participates (up to twice a year) in the quality circle of the Institute of Pathology at T\u00fcbingen University Hospital, presenting cases from its own practice.<\/p>\n<p>[\/et_pb_accordion_item][et_pb_accordion_item title=&#8221;Training courses&#8221; _builder_version=&#8221;4.27.5&#8243; _module_preset=&#8221;default&#8221; body_line_height=&#8221;1.5em&#8221; custom_margin=&#8221;||10px||false|false&#8221; custom_padding=&#8221;10px||0px|5px|false|false&#8221; border_width_all=&#8221;2px&#8221; border_color_all=&#8221;#0082B0&#8243; global_colors_info=&#8221;{}&#8221; toggle_level=&#8221;h2&#8243; toggle_font_size=&#8221;19px&#8221; toggle_line_height=&#8221;1em&#8221; open=&#8221;off&#8221;]<\/p>\n<p>We regularly participate in external and internal training courses and conferences (e.g., the annual fall meeting of the Molecular Pathology Working Group of the German Society of Pathology).<br \/>\nInternal training courses include, among other things, the discussion of interesting and difficult cases from routine diagnostics. <\/p>\n<p>[\/et_pb_accordion_item][et_pb_accordion_item title=&#8221;Cooperation partners&#8221; _builder_version=&#8221;4.27.5&#8243; _module_preset=&#8221;default&#8221; body_line_height=&#8221;1.5em&#8221; custom_margin=&#8221;||10px||false|false&#8221; custom_padding=&#8221;10px||0px|5px|false|false&#8221; border_width_all=&#8221;2px&#8221; border_color_all=&#8221;#0082B0&#8243; global_colors_info=&#8221;{}&#8221; toggle_level=&#8221;h2&#8243; toggle_font_size=&#8221;19px&#8221; toggle_line_height=&#8221;1em&#8221; open=&#8221;off&#8221;]<\/p>\n<p>This laboratory works with qualified consultation partners to obtain a second diagnostic opinion.<br \/>\nA list of these consultation partners can be provided upon request. <\/p>\n<p>[\/et_pb_accordion_item][\/et_pb_accordion][\/et_pb_column][\/et_pb_row][\/et_pb_section]<\/p>\n","protected":false},"excerpt":{"rendered":"<p>Quality pays off \u201cMake it your business to meet higher standards than others expect of you.\u201c Henry Ward BeecherStriving to live up to this motto, our newly founded laboratory, T-BAG Molecular Pathology Baden-W\u00fcrttemberg GbR, pursues the highest quality standards in all areas. We have the latest technology at our disposal. DNA and RNA extraction is [&hellip;]<\/p>\n","protected":false},"author":1,"featured_media":0,"parent":0,"menu_order":0,"comment_status":"closed","ping_status":"closed","template":"","meta":{"_et_pb_use_builder":"on","_et_pb_old_content":"","_et_gb_content_width":"","footnotes":""},"dipi_cpt_category":[],"class_list":["post-113216","page","type-page","status-publish","hentry"],"_links":{"self":[{"href":"https:\/\/www.molpath-bw.de\/en\/wp-json\/wp\/v2\/pages\/113216","targetHints":{"allow":["GET"]}}],"collection":[{"href":"https:\/\/www.molpath-bw.de\/en\/wp-json\/wp\/v2\/pages"}],"about":[{"href":"https:\/\/www.molpath-bw.de\/en\/wp-json\/wp\/v2\/types\/page"}],"author":[{"embeddable":true,"href":"https:\/\/www.molpath-bw.de\/en\/wp-json\/wp\/v2\/users\/1"}],"replies":[{"embeddable":true,"href":"https:\/\/www.molpath-bw.de\/en\/wp-json\/wp\/v2\/comments?post=113216"}],"version-history":[{"count":10,"href":"https:\/\/www.molpath-bw.de\/en\/wp-json\/wp\/v2\/pages\/113216\/revisions"}],"predecessor-version":[{"id":113543,"href":"https:\/\/www.molpath-bw.de\/en\/wp-json\/wp\/v2\/pages\/113216\/revisions\/113543"}],"wp:attachment":[{"href":"https:\/\/www.molpath-bw.de\/en\/wp-json\/wp\/v2\/media?parent=113216"}],"wp:term":[{"taxonomy":"dipi_cpt_category","embeddable":true,"href":"https:\/\/www.molpath-bw.de\/en\/wp-json\/wp\/v2\/dipi_cpt_category?post=113216"}],"curies":[{"name":"wp","href":"https:\/\/api.w.org\/{rel}","templated":true}]}}