{"id":113136,"date":"2025-02-21T15:13:35","date_gmt":"2025-02-21T14:13:35","guid":{"rendered":"http:\/\/wordpress.p697052.webspaceconfig.de\/imprint\/"},"modified":"2026-01-14T14:58:23","modified_gmt":"2026-01-14T13:58:23","slug":"imprint","status":"publish","type":"page","link":"https:\/\/www.molpath-bw.de\/en\/imprint\/","title":{"rendered":"Imprint"},"content":{"rendered":"<p>[et_pb_section fb_built=&#8221;1&#8243; admin_label=&#8221;Slider&#8221; _builder_version=&#8221;4.27.4&#8243; _module_preset=&#8221;default&#8221; width=&#8221;100vw&#8221; max_width=&#8221;100vw&#8221; custom_padding=&#8221;0px||0px||false|false&#8221; locked=&#8221;off&#8221; global_colors_info=&#8221;{}&#8221;][et_pb_row _builder_version=&#8221;4.27.4&#8243; _module_preset=&#8221;default&#8221; positioning=&#8221;none&#8221; width=&#8221;90%&#8221; width_tablet=&#8221;90%&#8221; width_phone=&#8221;90%&#8221; width_last_edited=&#8221;on|phone&#8221; custom_margin=&#8221;||0px||false|false&#8221; custom_padding=&#8221;||0px||false|false&#8221; global_colors_info=&#8221;{}&#8221;][et_pb_column type=&#8221;4_4&#8243; _builder_version=&#8221;4.27.4&#8243; _module_preset=&#8221;default&#8221; global_colors_info=&#8221;{}&#8221;][et_pb_text admin_label=&#8221;Slider-Headline&#8221; _builder_version=&#8221;4.27.5&#8243; _module_preset=&#8221;default&#8221; text_text_color=&#8221;#1D1D1B&#8221; text_font_size=&#8221;28px&#8221; text_line_height=&#8221;1.2em&#8221; header_4_font=&#8221;|600|||||||&#8221; header_4_text_color=&#8221;#1D1D1B&#8221; header_4_font_size=&#8221;30px&#8221; header_4_line_height=&#8221;1.2em&#8221; background_color=&#8221;RGBA(255,255,255,0)&#8221; use_background_color_gradient=&#8221;on&#8221; background_color_gradient_direction=&#8221;91deg&#8221; background_color_gradient_stops=&#8221;#ffffff 0%|rgba(0,196,163,0) 98%&#8221; position_origin_a=&#8221;bottom_left&#8221; z_index=&#8221;500&#8243; custom_padding=&#8221;||||false|true&#8221; animation_style=&#8221;slide&#8221; animation_direction=&#8221;bottom&#8221; animation_intensity_slide=&#8221;5%&#8221; hover_enabled=&#8221;0&#8243; global_colors_info=&#8221;{}&#8221; sticky_enabled=&#8221;0&#8243;]<\/p>\n<h1><strong>Imprint<\/strong><\/h1>\n<p>[\/et_pb_text][\/et_pb_column][\/et_pb_row][\/et_pb_section][et_pb_section fb_built=&#8221;1&#8243; admin_label=&#8221;section&#8221; _builder_version=&#8221;4.27.4&#8243; custom_margin=&#8221;0px||0px||false|false&#8221; custom_padding=&#8221;0px||50px||false|false&#8221; global_colors_info=&#8221;{}&#8221;][et_pb_row admin_label=&#8221;row&#8221; _builder_version=&#8221;4.27.4&#8243; background_size=&#8221;initial&#8221; background_position=&#8221;top_left&#8221; background_repeat=&#8221;repeat&#8221; width=&#8221;90%&#8221; global_colors_info=&#8221;{}&#8221;][et_pb_column type=&#8221;4_4&#8243; _builder_version=&#8221;4.16&#8243; custom_padding=&#8221;|||&#8221; global_colors_info=&#8221;{}&#8221; custom_padding__hover=&#8221;|||&#8221;][et_pb_text admin_label=&#8221;Text&#8221; _builder_version=&#8221;4.27.4&#8243; link_text_color=&#8221;#1D1D1B&#8221; background_size=&#8221;initial&#8221; background_position=&#8221;top_left&#8221; background_repeat=&#8221;repeat&#8221; global_colors_info=&#8221;{}&#8221;]<\/p>\n<p>Mandatory information according to \u00a75 DDG:<\/p>\n<p><strong>T-BAG Molekularpathologie Baden-W\u00fcrttemberg GbR<\/strong><\/p>\n<p><strong>Prof. Dr. Bence Sipos Specialist in Pathology (Germany)<\/strong><br \/><strong>Prof. Dr. med. J\u00f6rn Str\u00e4ter Specialist in Pathology (Germany)<\/strong><\/p>\n<p><strong>Dr. med. Thorsten Biegner Specialist in Pathology (Germany)<\/strong><br \/><strong>Dr. med. Zeid Bittar Specialist in Pathology (Germany)<\/strong><br \/><strong>Dr. med. Jan Geppert Specialist in Pathology (Germany)<\/strong><br \/><strong>Dr. med. Manuela Kleinschmidt Specialist in Pathology (Germany)<\/strong><br \/><strong>Dr. med. Thomas Nagel Specialist in Pathology (Germany)<\/strong><br \/><strong>Dr. med. Ulrich Oehler Specialist in Pathology (Germany)<\/strong><br \/><strong>Dr. med. Manfred Richter Specialist in Pathology (Germany)<\/strong><br \/><strong>Dr. med. Eckhard Wellens Specialist in Pathology (Germany)<\/strong><\/p>\n<p>Schlo\u00dfstra\u00dfe 56<br \/>70176 Stuttgart<br \/>Germany<\/p>\n<p>Tel. +49(0)711 264380<br \/>Email: info(at)molpath-bw.de<\/p>\n<p><strong>Supervisory Authority<\/strong><br \/>Medical Association of Baden-W\u00fcrttemberg<br \/>Jahnstra\u00dfe 38a<br \/>70597 Stuttgart<br \/>Germany<br \/>www.aerztekammer-bw.de<\/p>\n<p>Competent Association of Statutory Health Insurance Physicians<br \/>Association of Statutory Health Insurance Physicians Baden-W\u00fcrttemberg<br \/>Albstadtweg 11<br \/>70567 Stuttgart<br \/>Germany<br \/>www.kvbawue.de<\/p>\n<p><strong>Responsible according to \u00a7 18 para. 2 of the State Media Treaty (MStV)<\/strong><br \/>Prof. Dr. med. Bence Sipos<br \/>Schlo\u00dfstra\u00dfe 56<br \/>70176 Stuttgart<br \/>Germany<\/p>\n<p><strong>Data Protection Officer<\/strong><br \/>QuDaMed<br \/>Sonnemann\/Strelecki GbR<br \/>Kronenstr. 77<br \/>Germany<br \/>44139 Dortmund<br \/>Phone: +49(0)231 9786951<br \/>Fax: +49(0)231 9786953<br \/>Email: datenschutz(at)molpath-bw.de<br \/>www.qudamed.de<\/p>\n<p>Medical Device Safety Officer<br \/>Prof. Dr. med. Bence Sipos,<br \/>Email: bfmps(at)molpath-bw.de<\/p>\n<p>[\/et_pb_text][et_pb_text admin_label=&#8221;Text&#8221; _builder_version=&#8221;4.27.4&#8243; link_text_color=&#8221;#1D1D1B&#8221; background_size=&#8221;initial&#8221; background_position=&#8221;top_left&#8221; background_repeat=&#8221;repeat&#8221; global_colors_info=&#8221;{}&#8221;]<\/p>\n<p><strong>Design and Programming<\/strong><br \/>neunpunktzwei Werbeagentur GmbH<br \/><a href=\"https:\/\/www.neunpunktzwei.de\" target=\"_blank\" rel=\"noopener\">www.neunpunktzwei.de<\/a><\/p>\n<p><strong>Photography<\/strong><br \/>Volker Schrank Stuttgart,<br \/>Fotolia<\/p>\n<p>[\/et_pb_text][\/et_pb_column][\/et_pb_row][\/et_pb_section]<\/p>\n","protected":false},"excerpt":{"rendered":"<p>ImprintMandatory information according to \u00a75 DDG: T-BAG Molekularpathologie Baden-W\u00fcrttemberg GbR Prof. Dr. Bence Sipos Specialist in Pathology (Germany)Prof. Dr. med. J\u00f6rn Str\u00e4ter Specialist in Pathology (Germany) Dr. med. Thorsten Biegner Specialist in Pathology (Germany)Dr. med. Zeid Bittar Specialist in Pathology (Germany)Dr. med. Jan Geppert Specialist in Pathology (Germany)Dr. med. Manuela Kleinschmidt Specialist in Pathology (Germany)Dr. [&hellip;]<\/p>\n","protected":false},"author":1,"featured_media":0,"parent":0,"menu_order":0,"comment_status":"closed","ping_status":"closed","template":"","meta":{"_et_pb_use_builder":"on","_et_pb_old_content":"","_et_gb_content_width":"","footnotes":""},"dipi_cpt_category":[],"class_list":["post-113136","page","type-page","status-publish","hentry"],"_links":{"self":[{"href":"https:\/\/www.molpath-bw.de\/en\/wp-json\/wp\/v2\/pages\/113136","targetHints":{"allow":["GET"]}}],"collection":[{"href":"https:\/\/www.molpath-bw.de\/en\/wp-json\/wp\/v2\/pages"}],"about":[{"href":"https:\/\/www.molpath-bw.de\/en\/wp-json\/wp\/v2\/types\/page"}],"author":[{"embeddable":true,"href":"https:\/\/www.molpath-bw.de\/en\/wp-json\/wp\/v2\/users\/1"}],"replies":[{"embeddable":true,"href":"https:\/\/www.molpath-bw.de\/en\/wp-json\/wp\/v2\/comments?post=113136"}],"version-history":[{"count":4,"href":"https:\/\/www.molpath-bw.de\/en\/wp-json\/wp\/v2\/pages\/113136\/revisions"}],"predecessor-version":[{"id":113402,"href":"https:\/\/www.molpath-bw.de\/en\/wp-json\/wp\/v2\/pages\/113136\/revisions\/113402"}],"wp:attachment":[{"href":"https:\/\/www.molpath-bw.de\/en\/wp-json\/wp\/v2\/media?parent=113136"}],"wp:term":[{"taxonomy":"dipi_cpt_category","embeddable":true,"href":"https:\/\/www.molpath-bw.de\/en\/wp-json\/wp\/v2\/dipi_cpt_category?post=113136"}],"curies":[{"name":"wp","href":"https:\/\/api.w.org\/{rel}","templated":true}]}}