{"id":112900,"date":"2025-08-27T17:27:30","date_gmt":"2025-08-27T15:27:30","guid":{"rendered":"http:\/\/wordpress.p697052.webspaceconfig.de\/information-for-senders\/"},"modified":"2025-11-24T13:18:40","modified_gmt":"2025-11-24T12:18:40","slug":"information-for-senders","status":"publish","type":"page","link":"https:\/\/www.molpath-bw.de\/en\/information-for-senders\/","title":{"rendered":"Information for senders"},"content":{"rendered":"<p>[et_pb_section fb_built=&#8221;1&#8243; admin_label=&#8221;Slider&#8221; _builder_version=&#8221;4.27.4&#8243; _module_preset=&#8221;default&#8221; width=&#8221;100vw&#8221; max_width=&#8221;100vw&#8221; custom_padding=&#8221;0px||0px||false|false&#8221; locked=&#8221;off&#8221; global_colors_info=&#8221;{}&#8221;][et_pb_row _builder_version=&#8221;4.27.4&#8243; _module_preset=&#8221;default&#8221; width=&#8221;90%&#8221; width_tablet=&#8221;100%&#8221; width_phone=&#8221;100%&#8221; width_last_edited=&#8221;on|phone&#8221; custom_margin=&#8221;0px||0px||false|false&#8221; custom_padding=&#8221;0px||0px||false|false&#8221; global_colors_info=&#8221;{}&#8221;][et_pb_column type=&#8221;4_4&#8243; _builder_version=&#8221;4.27.4&#8243; _module_preset=&#8221;default&#8221; global_colors_info=&#8221;{}&#8221;][et_pb_slider admin_label=&#8221;Slider-Bild&#8221; _builder_version=&#8221;4.27.4&#8243; _module_preset=&#8221;default&#8221; background_enable_image=&#8221;off&#8221; custom_margin=&#8221;||0px||false|false&#8221; auto=&#8221;on&#8221; custom_css_slide_title=&#8221;animation-name:fadeTop;&#8221; custom_css_slide_image=&#8221;animation-name:fadeTop;&#8221; global_colors_info=&#8221;{}&#8221;][et_pb_slide _builder_version=&#8221;4.27.4&#8243; _module_preset=&#8221;default&#8221; background_enable_color=&#8221;off&#8221; background_image=&#8221;https:\/\/www.molpath-bw.de\/wp-content\/uploads\/2025\/08\/molpath-informationen-fuer-einsender-01.jpg&#8221; background_enable_image=&#8221;on&#8221; global_colors_info=&#8221;{}&#8221; sticky_transition=&#8221;on&#8221;][\/et_pb_slide][et_pb_slide _builder_version=&#8221;4.27.4&#8243; _module_preset=&#8221;default&#8221; background_enable_color=&#8221;off&#8221; background_image=&#8221;https:\/\/www.molpath-bw.de\/wp-content\/uploads\/2025\/08\/molpath-informationen-fuer-einsender-02.jpg&#8221; background_enable_image=&#8221;on&#8221; global_colors_info=&#8221;{}&#8221; sticky_transition=&#8221;on&#8221;][\/et_pb_slide][et_pb_slide _builder_version=&#8221;4.27.4&#8243; _module_preset=&#8221;default&#8221; background_enable_color=&#8221;off&#8221; background_image=&#8221;https:\/\/www.molpath-bw.de\/wp-content\/uploads\/2025\/08\/molpath-informationen-fuer-einsender-03.jpg&#8221; background_enable_image=&#8221;on&#8221; global_colors_info=&#8221;{}&#8221; sticky_transition=&#8221;on&#8221;][\/et_pb_slide][et_pb_slide _builder_version=&#8221;4.27.4&#8243; _module_preset=&#8221;default&#8221; background_enable_color=&#8221;off&#8221; background_image=&#8221;https:\/\/www.molpath-bw.de\/wp-content\/uploads\/2025\/08\/molpath-informationen-fuer-einsender-04.jpg&#8221; background_enable_image=&#8221;on&#8221; global_colors_info=&#8221;{}&#8221; sticky_transition=&#8221;on&#8221;][\/et_pb_slide][et_pb_slide _builder_version=&#8221;4.27.4&#8243; _module_preset=&#8221;default&#8221; background_enable_color=&#8221;off&#8221; background_image=&#8221;https:\/\/www.molpath-bw.de\/wp-content\/uploads\/2025\/08\/molpath-informationen-fuer-einsender-05.jpg&#8221; background_enable_image=&#8221;on&#8221; global_colors_info=&#8221;{}&#8221; sticky_transition=&#8221;on&#8221;][\/et_pb_slide][\/et_pb_slider][et_pb_text admin_label=&#8221;Slider-Headline&#8221; _builder_version=&#8221;4.27.4&#8243; _module_preset=&#8221;default&#8221; text_text_color=&#8221;#1D1D1B&#8221; text_font_size=&#8221;28px&#8221; text_line_height=&#8221;1.2em&#8221; header_4_font=&#8221;|600|||||||&#8221; header_4_text_color=&#8221;#1D1D1B&#8221; header_4_font_size=&#8221;30px&#8221; header_4_line_height=&#8221;1.2em&#8221; background_color=&#8221;RGBA(255,255,255,0)&#8221; use_background_color_gradient=&#8221;on&#8221; background_color_gradient_direction=&#8221;91deg&#8221; background_color_gradient_stops=&#8221;#ffffff 0%|rgba(0,196,163,0) 98%&#8221; positioning=&#8221;absolute&#8221; position_origin_a=&#8221;bottom_left&#8221; z_index=&#8221;500&#8243; width=&#8221;100%&#8221; custom_padding=&#8221;2%|5%|1%|5%|false|true&#8221; animation_style=&#8221;slide&#8221; animation_direction=&#8221;bottom&#8221; animation_intensity_slide=&#8221;5%&#8221; global_colors_info=&#8221;{}&#8221;]<\/p>\n<h1><strong>Information for senders<\/strong><\/h1>\n<h1><\/h1>\n<p>[\/et_pb_text][\/et_pb_column][\/et_pb_row][\/et_pb_section][et_pb_section fb_built=&#8221;1&#8243; admin_label=&#8221;Inhalt&#8221; _builder_version=&#8221;4.27.4&#8243; _module_preset=&#8221;default&#8221; custom_margin=&#8221;0px||0px||false|false&#8221; custom_padding=&#8221;0px||40px||false|false&#8221; animation_style=&#8221;fade&#8221; locked=&#8221;off&#8221; collapsed=&#8221;on&#8221; global_colors_info=&#8221;{}&#8221;][et_pb_row _builder_version=&#8221;4.27.4&#8243; _module_preset=&#8221;default&#8221; width=&#8221;90%&#8221; global_colors_info=&#8221;{}&#8221;][et_pb_column type=&#8221;4_4&#8243; _builder_version=&#8221;4.27.4&#8243; _module_preset=&#8221;default&#8221; global_colors_info=&#8221;{}&#8221;][et_pb_text _builder_version=&#8221;4.27.4&#8243; _module_preset=&#8221;default&#8221; global_colors_info=&#8221;{}&#8221;]<\/p>\n<p><strong>Note for senders who are not affiliated with the partner practices of T-BAG Molekularpathologie-BW GbR:<\/strong><\/p>\n<p>Please do not send any test requests directly to our molecular pathology laboratory. Please send your test request to one of our partner practices so that it can be recorded there and the decentralized transmission of findings can take place later from there. Unfortunately, test requests sent directly to the molecular pathology laboratory cannot be processed for legal reasons.  <\/p>\n<p>[\/et_pb_text][et_pb_text _builder_version=&#8221;4.27.4&#8243; _module_preset=&#8221;default&#8221; global_colors_info=&#8221;{}&#8221;]<\/p>\n<h2><strong>Please note the following conditions for optimal diagnostics:<\/strong><\/h2>\n<p>[\/et_pb_text][et_pb_accordion open_toggle_text_color=&#8221;#0092BB&#8221; open_toggle_background_color=&#8221;RGBA(255,255,255,0)&#8221; closed_toggle_text_color=&#8221;#0092BB&#8221; closed_toggle_background_color=&#8221;RGBA(255,255,255,0)&#8221; toggle_icon=&#8221;&#x35;||divi||400&#8243; icon_color=&#8221;#0092BB&#8221; use_icon_font_size=&#8221;on&#8221; icon_font_size=&#8221;28px&#8221; module_class=&#8221;pa-accordion-clickable-area pa-add-accordion-icon open-close-accordion&#8221; _builder_version=&#8221;4.27.4&#8243; _module_preset=&#8221;default&#8221; toggle_line_height=&#8221;1.4em&#8221; body_line_height=&#8221;1.5em&#8221; custom_margin=&#8221;||||false|false&#8221; custom_padding=&#8221;||||false|false&#8221; hover_enabled=&#8221;0&#8243; global_colors_info=&#8221;{}&#8221; sticky_enabled=&#8221;0&#8243;][et_pb_accordion_item title=&#8221;Report turnaround times&#8221; open=&#8221;on&#8221; _builder_version=&#8221;4.27.4&#8243; _module_preset=&#8221;default&#8221; body_line_height=&#8221;1.5em&#8221; custom_margin=&#8221;||10px||false|false&#8221; custom_padding=&#8221;10px||0px|5px|false|false&#8221; hover_enabled=&#8221;0&#8243; border_width_all=&#8221;2px&#8221; border_color_all=&#8221;#0082B0&#8243; global_colors_info=&#8221;{}&#8221; toggle_level=&#8221;h2&#8243; toggle_font_size=&#8221;19px&#8221; toggle_line_height=&#8221;1em&#8221; sticky_enabled=&#8221;0&#8243;]<\/p>\n<p><strong>Our goal is to keep turnaround times as short as possible by optimizing internal processes. We currently offer the following turnaround times: <\/strong><\/p>\n<ul>\n<li>Single gene analyses and MSI (Idylla Biocartis):<br \/>BRAF, EGFR, KRAS, NRAS, POLE, MSI: 1-2 business days<\/li>\n<li>NGS solid tumors (except large gene panel OCA+): 3-5 business days<\/li>\n<li>NGS liquid biopsy: 5-10 business days<\/li>\n<li>NGS large panel (OCA+): 5-10 business days<\/li>\n<\/ul>\n<p>Disclaimer: The turnaround times do not include postal delivery times and refer to the time between the arrival of the sample material at the molecular pathology laboratory of T-BAG Molekularpathologie BW GbR and the release of the molecular pathology inspection report by the submitting member.<\/p>\n<p>[\/et_pb_accordion_item][et_pb_accordion_item title=&#8221;Request forms&#8221; _builder_version=&#8221;4.27.4&#8243; _module_preset=&#8221;default&#8221; body_line_height=&#8221;1.5em&#8221; custom_margin=&#8221;||10px||false|false&#8221; custom_padding=&#8221;10px||0px|5px|false|false&#8221; border_width_all=&#8221;2px&#8221; border_color_all=&#8221;#0082B0&#8243; global_colors_info=&#8221;{}&#8221; toggle_level=&#8221;h2&#8243; toggle_font_size=&#8221;19px&#8221; toggle_line_height=&#8221;1em&#8221; open=&#8221;off&#8221;]<a href=\"\/wp-content\/uploads\/2025\/08\/FB-MP-36-Anforderungsformular-NGS-Solide-Tumore.pdf\" target=\"_blank\" rel=\"noopener\" class=\"pdf\"><strong>NGS (Solide Tumore)<\/strong><\/a><br \/>\n<a href=\"\/wp-content\/uploads\/2025\/08\/FB-MP-37-Anforderungsformular-NGS-Liquid-Biopsy.pdf\" target=\"_blank\" rel=\"noopener\" class=\"pdf\"><strong>Liquid Biopsy (cfDNA) <\/strong><\/a><br \/>\n<a href=\"\/wp-content\/uploads\/2025\/08\/FB-MP-38-Anforderungsformular-FISH.pdf\" target=\"_blank\" rel=\"noopener\" class=\"pdf\"><strong>FISH<\/strong><\/a>[\/et_pb_accordion_item][et_pb_accordion_item title=&#8221;Instructions for liquid biopsy (cfDNA)&#8221; _builder_version=&#8221;4.27.4&#8243; _module_preset=&#8221;default&#8221; body_line_height=&#8221;1.5em&#8221; custom_margin=&#8221;||10px||false|false&#8221; custom_padding=&#8221;10px||0px|5px|false|false&#8221; border_width_all=&#8221;2px&#8221; border_color_all=&#8221;#0082B0&#8243; global_colors_info=&#8221;{}&#8221; toggle_level=&#8221;h2&#8243; toggle_font_size=&#8221;19px&#8221; toggle_line_height=&#8221;1em&#8221; open=&#8221;off&#8221;]<\/p>\n<p><strong>Blood collection and shipment of samples for mutation analysis of cell-free DNA (cfDNA)<\/strong><\/p>\n<p>In liquid biopsy, circulating cell-free tumor DNA from blood is examined for tumor cells or tumor DNA rather than solid tissue samples.<br \/>Therefore, please be sure to follow the instructions below for obtaining and shipping such samples.<\/p>\n<p>We also ask that you send us the corresponding histological findings. If sequencing has been performed on tissue material in the past, we also ask that you send us the corresponding sequencing results. <\/p>\n<p>The form is available as a PDF in our download area or via the following link:<\/p>\n<p><a href=\"\/wp-content\/uploads\/2025\/11\/FB-MP-40-Anleitung-Liquid-Biopsy.pdf\" target=\"_blank\" rel=\"noopener\" class=\"pdf\"><strong>Instructions for cfDNA<\/strong><\/a><\/p>\n<p>[\/et_pb_accordion_item][et_pb_accordion_item title=&#8221;Pre-analysis&#8221; _builder_version=&#8221;4.27.4&#8243; _module_preset=&#8221;default&#8221; body_line_height=&#8221;1.5em&#8221; custom_margin=&#8221;||10px||false|false&#8221; custom_padding=&#8221;10px||0px|5px|false|false&#8221; border_width_all=&#8221;2px&#8221; border_color_all=&#8221;#0082B0&#8243; global_colors_info=&#8221;{}&#8221; toggle_level=&#8221;h2&#8243; toggle_font_size=&#8221;19px&#8221; toggle_line_height=&#8221;1em&#8221; open=&#8221;off&#8221;]<\/p>\n<p><strong>Test material<\/strong><\/p>\n<p>Genetic testing is performed on formalin-fixed, paraffin-embedded (FFPE) material. We process both paraffin blocks and blank sections sent to us by pathology institutes that have performed the primary diagnosis. The tumor content is determined on the basis of the hematoxylin-eosin section, and the sample is subjected to microdissection depending on this.  <\/p>\n<p>In addition, we offer tumor genetic testing on cell-free DNA from blood samples.<\/p>\n<p>[\/et_pb_accordion_item][et_pb_accordion_item title=&#8221;Patient information BRCA1\/2&#8243; _builder_version=&#8221;4.27.4&#8243; _module_preset=&#8221;default&#8221; body_line_height=&#8221;1.5em&#8221; custom_margin=&#8221;||10px||false|false&#8221; custom_padding=&#8221;10px||0px|5px|false|false&#8221; border_width_all=&#8221;2px&#8221; border_color_all=&#8221;#0082B0&#8243; global_colors_info=&#8221;{}&#8221; toggle_level=&#8221;h2&#8243; toggle_font_size=&#8221;19px&#8221; toggle_line_height=&#8221;1em&#8221; open=&#8221;off&#8221;]<a href=\"\/wp-content\/uploads\/2025\/08\/molpath-patientenaufklaerung_BRCA.pdf\" target=\"_blank\" rel=\"noopener\" class=\"pdf\">Confirmation of patient information provided in the context of BRCA1\/2 mutation diagnostics<\/a>[\/et_pb_accordion_item][\/et_pb_accordion][et_pb_text _builder_version=&#8221;4.27.4&#8243; _module_preset=&#8221;default&#8221; global_colors_info=&#8221;{}&#8221;]<\/p>\n<p><strong>General note:<\/strong><\/p>\n<p>The medical services provided in the T-BAG laboratory of MolPath-BW are billed on the basis of the GO\u00c4 and EBM.<\/p>\n<p>The Teil-Berufsaus\u00fcbungsgemeinschaft Molekularpathologie Baden-W\u00fcrttemberg GbR (Molecular Pathology Baden-W\u00fcrttemberg Professional Association) has an established complaints and appeals management system. Submitters and, if applicable, patients can use the contact details provided on the website for this purpose. Complaints and appeals are treated impartially and processed within a reasonable time after receipt.<\/p>\n<p>Please follow our instructions for handling the test material carefully, as deviations from these instructions may result in the planned tests being carried out only to a limited extent or not at all.<\/p>\n<p>[\/et_pb_text][\/et_pb_column][\/et_pb_row][\/et_pb_section]<\/p>\n","protected":false},"excerpt":{"rendered":"<p>Information for senders Note for senders who are not affiliated with the partner practices of T-BAG Molekularpathologie-BW GbR: Please do not send any test requests directly to our molecular pathology laboratory. Please send your test request to one of our partner practices so that it can be recorded there and the decentralized transmission of findings [&hellip;]<\/p>\n","protected":false},"author":1,"featured_media":0,"parent":0,"menu_order":0,"comment_status":"closed","ping_status":"closed","template":"","meta":{"_et_pb_use_builder":"on","_et_pb_old_content":"","_et_gb_content_width":"","footnotes":""},"dipi_cpt_category":[],"class_list":["post-112900","page","type-page","status-publish","hentry"],"_links":{"self":[{"href":"https:\/\/www.molpath-bw.de\/en\/wp-json\/wp\/v2\/pages\/112900","targetHints":{"allow":["GET"]}}],"collection":[{"href":"https:\/\/www.molpath-bw.de\/en\/wp-json\/wp\/v2\/pages"}],"about":[{"href":"https:\/\/www.molpath-bw.de\/en\/wp-json\/wp\/v2\/types\/page"}],"author":[{"embeddable":true,"href":"https:\/\/www.molpath-bw.de\/en\/wp-json\/wp\/v2\/users\/1"}],"replies":[{"embeddable":true,"href":"https:\/\/www.molpath-bw.de\/en\/wp-json\/wp\/v2\/comments?post=112900"}],"version-history":[{"count":5,"href":"https:\/\/www.molpath-bw.de\/en\/wp-json\/wp\/v2\/pages\/112900\/revisions"}],"predecessor-version":[{"id":113155,"href":"https:\/\/www.molpath-bw.de\/en\/wp-json\/wp\/v2\/pages\/112900\/revisions\/113155"}],"wp:attachment":[{"href":"https:\/\/www.molpath-bw.de\/en\/wp-json\/wp\/v2\/media?parent=112900"}],"wp:term":[{"taxonomy":"dipi_cpt_category","embeddable":true,"href":"https:\/\/www.molpath-bw.de\/en\/wp-json\/wp\/v2\/dipi_cpt_category?post=112900"}],"curies":[{"name":"wp","href":"https:\/\/api.w.org\/{rel}","templated":true}]}}